{"id":2125,"date":"2022-05-06T16:32:36","date_gmt":"2022-05-06T14:32:36","guid":{"rendered":"https:\/\/4kidsnetwork.hu\/?page_id=2125"},"modified":"2025-06-16T08:56:33","modified_gmt":"2025-06-16T06:56:33","slug":"impresszum","status":"publish","type":"page","link":"https:\/\/4kidsnetwork.hu\/en\/impresszum\/","title":{"rendered":"Impresszum"},"content":{"rendered":"<p><strong>4Kids Network Kft.<\/strong><br \/>\n<strong>C\u00edm:<\/strong> 1118 Budapest, Kapt\u00e1rk\u0151 utca Telefon: +36202534834, fax: +36 (1) 214 14 14 <strong>E-mail:<\/strong> info@4kidsnetwork.hu <strong>Ad\u00f3sz\u00e1m:<\/strong> 13933735-2-43 <strong>C\u00e9gjegyz\u00e9ksz\u00e1m:<\/strong> 01-09-880578 <strong>Adatkezel\u00e9si azonos\u00edt\u00f3<\/strong>: NAIH-57491\/2012 <strong>EU-s (k\u00f6z\u00f6ss\u00e9gi) ad\u00f3sz\u00e1m:<\/strong> HU13933735<\/p>\n<p><strong>Felhaszn\u00e1l\u00e1si felt\u00e9telek<\/strong><br \/>\n<em><strong>Olvasd el figyelmesen ezt a Szab\u00e1lyzatot, \u00e9s k\u00e9rd sz\u00fcleid beleegyez\u00e9s\u00e9t, miel\u0151tt b\u00e1rmilyen adatodat megadn\u00e1d!<\/strong><\/em> K\u00e9r\u00fcnk vigy\u00e1zz arra, hogy kinek adod meg a neved, a c\u00edmed, a telefonsz\u00e1mod vagy az e-mail c\u00edmed az Interneten! Mi, az Egyszervolt oldalcsoport apuk\u00e1i \u00e9s anyuk\u00e1i az \u00f6sszes szem\u00e9lyes adatodat titokban tartjuk m\u00e1sok el\u0151tt, s\u0151t mi is csak akkor haszn\u00e1ljuk fel \u0151ket, amikor szeretn\u00e9nk tudni, hogyan fejleszthetn\u00e9nk \u00fagy az Egyszervolt oldalcsoportot, hogy Neked m\u00e9g jobban tetsszen. Itt elolvashatod, hogy milyen inform\u00e1ci\u00f3kat k\u00e9r\u00fcnk, \u00e9s azokat hogyan haszn\u00e1ljuk fel. Az adatkezel\u00e9sre a <strong>4Kids Network Kft.<\/strong> az adatv\u00e9delmi biztos irod\u00e1ja \u00e1ltal kiadott <strong>02358-0001<\/strong> nyilv\u00e1ntart\u00e1si azonos\u00edt\u00f3 alapj\u00e1n jogosult. <strong>Regisztr\u00e1ci\u00f3<\/strong> Ennek sor\u00e1n megk\u00e9rdezz\u00fck a szem\u00e9lyes adataidat. A regisztr\u00e1ci\u00f3 ut\u00e1n m\u00e1ris \u00f6ssze\u00e1ll\u00edthatsz egy matin\u00e9t a meset\u00e9v\u00e9n, vagy hozz\u00e1sz\u00f3lhatsz, ahol van r\u00e1 lehet\u0151s\u00e9g. Bizonyos esetekben (p\u00e9ld\u00e1ul a kv\u00edz j\u00e1t\u00e9kn\u00e1l) elk\u00e9rj\u00fck postai c\u00edmedet is, hogy a v\u00e1lasztott term\u00e9ket vagy nyerem\u00e9nyt eljuttathassuk Hozz\u00e1d. <strong>Cookie-k<\/strong> A Cookie-k kisebb inform\u00e1ci\u00f3k az Egyszervoltr\u00f3l, amelyeket a sz\u00e1m\u00edt\u00f3g\u00e9ped t\u00e1rol. Ezek seg\u00edts\u00e9g\u00e9vel tudjuk k\u00f6vetni, hogy a Honlap mely r\u00e9szeit l\u00e1togatod a leggyakrabban, \u00e9s mennyi id\u0151t t\u00f6ltesz az egyes oldalakon. \u00cdgy megtudhatjuk, hogy a Honlap melyik r\u00e9sze \u00e9rdekel a legjobban, melyikkel vagy a legel\u00e9gedettebb. Ehhez \u2013 sz\u00fcleid hozz\u00e1j\u00e1rul\u00e1sa ut\u00e1n \u2013 enged\u00e9lyezned kell a sz\u00e1m\u00edt\u00f3g\u00e9peden a cookie-k haszn\u00e1lat\u00e1t. <strong>Adataid kezel\u00e9se<\/strong> Adataidat biztons\u00e1gosan kezelj\u00fck, \u00e9s gondoskodunk arr\u00f3l, hogy ne ker\u00fclhessenek illet\u00e9ktelen kezekbe. A rendelkez\u00e9s\u00fcnkre \u00e1ll\u00f3 adatokb\u00f3l egyes inform\u00e1ci\u00f3kat \u00f6sszes\u00edtett \u00e9s feldolgozott form\u00e1ban egyes partnereink rendelkez\u00e9s\u00e9re bocs\u00e1tunk az\u00e9rt, hogy \u0151k is a Te ig\u00e9nyeidnek megfelel\u0151en fejleszthess\u00e9k saj\u00e1t szolg\u00e1ltat\u00e1sukat. Egyes inform\u00e1ci\u00f3kat pedig statisztikai form\u00e1ban nyilv\u00e1noss\u00e1gra hozunk az\u00e9rt, hogy a Honlap m\u0171k\u00f6d\u00e9s\u00e9r\u0151l t\u00e1j\u00e9koztassuk az \u00e9rdekl\u0151d\u0151ket. <strong>Hozz\u00e1sz\u00f3l\u00e1s<\/strong> Ha hozz\u00e1sz\u00f3l\u00e1st \u00edrsz, m\u00e9g jobban figyelj arra, hogy sz\u00fcleid beleegyez\u00e9se n\u00e9lk\u00fcl ne adj ki magadr\u00f3l szem\u00e9lyes inform\u00e1ci\u00f3kat! K\u00e9rlek, tartsd be a kommunik\u00e1ci\u00f3 szab\u00e1lyait. Ne besz\u00e9lj cs\u00fany\u00e1n, ne b\u00e1nts szavakkal sem m\u00e1sokat. A szab\u00e1lyokkal vissza\u00e9l\u0151 gyerekeket a tov\u00e1bbi hozz\u00e1sz\u00f3l\u00e1s lehet\u0151s\u00e9g\u00e9b\u0151l kiz\u00e1rjuk. <strong>Hivatkoz\u00e1s m\u00e1s honlapokra<\/strong> Honlapunkon tal\u00e1lsz linkeket m\u00e1s honlapokhoz is. Ezek hirdet\u0151ink, partnereink saj\u00e1t honlapjaihoz vezetnek T\u00e9ged. Ez\u00e9rt ez a Szab\u00e1lyzat, amit most olvasol, nem vonatkozik ezekre a honlapokra. Miel\u0151tt megadn\u00e1d az ott k\u00e9rdezett adatokat, mindenk\u00e9ppen olvasd el ezeknek a honlapoknak adatv\u00e9delmi elveit. <strong>Biztons\u00e1g<\/strong> Amikor regisztr\u00e1lod magad a Honlapunkon, egy jelsz\u00f3t kell v\u00e1lasztanod annak \u00e9rdek\u00e9ben, hogy a tags\u00e1goddal kapcsolatos adatok titokban maradjanak. Titkos jelszavad meg\u0151rz\u00e9se m\u00e1r a Te feladatod, m\u00edg mi mindent megtesz\u00fcnk az\u00e9rt, hogy a T\u0151led \u00e9s a sz\u00e1m\u00edt\u00f3g\u00e9pedt\u0151l kapott inform\u00e1ci\u00f3kat a legnagyobb titokban tartsuk. Szem\u00e9lyes adataid v\u00e9delm\u00e9t komolyan vessz\u00fck, ez\u00e9rt sz\u00fcleid enged\u00e9ly\u00e9t is ki kell k\u00e9rn\u00fcnk, hogy haszn\u00e1lhassuk az \u00e1ltalad megadott inform\u00e1ci\u00f3kat.<em><strong> A bejelentkez\u00e9s kapcs\u00e1n visszak\u00fcld\u00f6tt regisztr\u00e1ci\u00f3dat \u00fagy \u00e9rtelmezz\u00fck, hogy sz\u00fcleid beleegyeztek, hogy haszn\u00e1ld honlapunkat.<\/strong><\/em><\/p>\n<p><a href=\"\/adatkezelesi-tajekoztato\/\"><strong>Adatkezel\u00e9si T\u00e1j\u00e9koztat\u00f3<\/strong><\/a><\/p>\n","protected":false},"excerpt":{"rendered":"<p>4Kids Network Kft. C\u00edm: 1118 Budapest, Kapt\u00e1rk\u0151 utca Telefon: +36202534834, fax: +36 (1) 214 14 14 E-mail: info@4kidsnetwork.hu Ad\u00f3sz\u00e1m: 13933735-2-43 C\u00e9gjegyz\u00e9ksz\u00e1m: 01-09-880578 Adatkezel\u00e9si azonos\u00edt\u00f3: NAIH-57491\/2012 EU-s (k\u00f6z\u00f6ss\u00e9gi) ad\u00f3sz\u00e1m: HU13933735 Felhaszn\u00e1l\u00e1si &#8230;<\/p>\n","protected":false},"author":1,"featured_media":0,"parent":0,"menu_order":0,"comment_status":"closed","ping_status":"closed","template":"","meta":[],"_links":{"self":[{"href":"https:\/\/4kidsnetwork.hu\/en\/wp-json\/wp\/v2\/pages\/2125"}],"collection":[{"href":"https:\/\/4kidsnetwork.hu\/en\/wp-json\/wp\/v2\/pages"}],"about":[{"href":"https:\/\/4kidsnetwork.hu\/en\/wp-json\/wp\/v2\/types\/page"}],"author":[{"embeddable":true,"href":"https:\/\/4kidsnetwork.hu\/en\/wp-json\/wp\/v2\/users\/1"}],"replies":[{"embeddable":true,"href":"https:\/\/4kidsnetwork.hu\/en\/wp-json\/wp\/v2\/comments?post=2125"}],"version-history":[{"count":18,"href":"https:\/\/4kidsnetwork.hu\/en\/wp-json\/wp\/v2\/pages\/2125\/revisions"}],"predecessor-version":[{"id":2198,"href":"https:\/\/4kidsnetwork.hu\/en\/wp-json\/wp\/v2\/pages\/2125\/revisions\/2198"}],"wp:attachment":[{"href":"https:\/\/4kidsnetwork.hu\/en\/wp-json\/wp\/v2\/media?parent=2125"}],"curies":[{"name":"wp","href":"https:\/\/api.w.org\/{rel}","templated":true}]}}